{"id":7,"date":"2021-03-10T19:34:48","date_gmt":"2021-03-10T17:34:48","guid":{"rendered":"http:\/\/localhost\/lightray\/home\/"},"modified":"2025-10-01T20:41:27","modified_gmt":"2025-10-01T18:41:27","slug":"home","status":"publish","type":"page","link":"https:\/\/lightray.ee\/estonian\/","title":{"rendered":"\u00dcLDINFO"},"content":{"rendered":"<h2>Mida me pakume<\/h2>\r\nMeie 3D-arhitektuuri visualiseerimise stuudio on spetsialiseerunud fotoreaalsetele v\u00e4lis- ja siserenderdustele arhitektidele, arendajatele ja kinnisvarameeskondadele. Meie visuaalid n\u00e4itavad selgelt disaini kavatsust, materjalivalikuid ja valgustust \u2013 juba enne ehituse algust. See selgus v\u00e4hendab kulukaid hilisemaid muudatusi ning muudab esitlused ja turundusmaterjalid t\u00f5husamaks.\r\n<h2>3D arhitektuuri visualiseerimine reaalses kontekstis<\/h2>\r\nMe integreerime disainilahendusi reaalsetesse objektidesse, kombineerides kvaliteetseid renderdusi kohapealse fotograafiaga. Lisaks pakume professionaalset droonifotograafiat, et j\u00e4\u00e4dvustada t\u00e4pseid perspektiive ja konteksti objektil. See l\u00e4henemisviis v\u00f5imaldab klientidel n\u00e4ha t\u00e4pselt, kuidas hoone oma keskkonnas paikneb ning kuidas haljastus ja juurdep\u00e4\u00e4suteed toimivad.\r\n<h2>T\u00e4ielik keskkonnadisain ja fotoreaalsed maketid<\/h2>\r\nVajadusel loob meie stuudio nullist ka t\u00e4ielikke 3D-keskkondi: haljastus, teed, istutusskeemid, v\u00e4lisvalgustus ja \u00f5uem\u00f6\u00f6bel. Need t\u00e4ielikud visualiseeringud sobivad ideaalselt investoritele suunatud esitlusteks, planeeringute kinnitamiseks ja turunduskampaaniateks, kuna need esitlevad kogu projekti sidusa ja teostatud ettepanekuna.\r\n\r\n\r\n<figure class=\"wp-block-image size-large is-resized\"><img fetchpriority=\"high\" decoding=\"async\" class=\"wp-image-970\" src=\"https:\/\/lightray.ee\/wp-content\/uploads\/2025\/09\/Maja5september2025-1024x576.jpg\" alt=\"3D architectural visualization studio\" width=\"364\" height=\"205\" \/><\/figure>\r\n<h2>Teenused ja tehniline l\u00e4henemine<\/h2>\r\nMeie p\u00f5hiteenuste hulka kuuluvad: v\u00e4lisrenderdused, siserenderdused, tooterenderdused, 360-kraadised panoraamid, l\u00fchikesed l\u00e4bivaatamise animatsioonid ja j\u00e4relt\u00f6\u00f6tlus. T\u00f6\u00f6tame arhitektuurijooniste, SketchUp\/CAD-failide ja meeleolutahvlite p\u00f5hjal ning pakume l\u00f5ppkujutisi tr\u00fcki- ja veebiresolutsioonides. T\u00f6\u00f6riistad: 3ds Max ( <a href=\"https:\/\/www.autodesk.com\/products\/3ds-max\/overview\">https:\/\/www.autodesk.com\/products\/3ds-max\/overview<\/a> ), Corona\/V-Ray ja Photoshop.\r\n<h2>Miks valida LightRay 3D arhitektuurivisualiseerimise stuudio?<\/h2>\r\nMeie 3D arhitektuurivisualiseerimise stuudio tegutseb Eestist, kommunikatsiooniks on EL ajav\u00f6\u00f6ndid ja praktiline l\u00e4henemine: kohalik kogemus (sh m\u00f6\u00f6bli ja jaem\u00fc\u00fcgi visualiseerimine), selged tagasisidevoorud ja usaldusv\u00e4\u00e4rne tarne. Visuaalid on kohandatud m\u00fc\u00fcgi-, planeerimis- ja disainiotsuste toetamiseks ning suurep\u00e4raseks v\u00e4ljan\u00e4gemiseks veebisaitidel, bro\u0161\u00fc\u00fcrides ja sotsiaalmeediakanalites.\r\n\r\nKohandatud lahendused \u2013 iga projekt on ainulaadne. Seet\u00f5ttu kohandame oma l\u00e4henemisviisi teie konkreetsete eesm\u00e4rkide saavutamiseks, olgu selleks arhitektuuriline visualiseerimine, sisekujundus v\u00f5i tooteesitlus.\r\n\r\nKiire ja usaldusv\u00e4\u00e4rne \u2013 m\u00f5istame, et t\u00e4htajad on olulised. Meie sujuv t\u00f6\u00f6voog tagab, et saate kvaliteetsed visuaalid \u00f5igeaegselt.\r\n\r\nTaskukohane ekspertiis \u2013 esmaklassiline 3D-visualiseerimine ei pea t\u00f5epoolest eelarvet l\u00f5hkuma. Pakume professionaalseid teenuseid konkurentsiv\u00f5imeliste hindadega, pakkudes suurep\u00e4rast v\u00e4\u00e4rtust igas suuruses ettev\u00f5tetele.\r\n<h2>Meie protsess<\/h2>\r\n1. Konsultatsioon ja planeerimine\r\nAlustame teie projekti eesm\u00e4rkide, stiilieelistuste ja tehniliste n\u00f5uete m\u00f5istmisest. See samm tagab, et meie visuaalid vastavad ideaalselt teie visioonile.\r\n\r\n2. 3D-modelleerimine\r\nMeie meeskond loob teie projektist t\u00e4psed 3D-mudelid, p\u00f6\u00f6rates t\u00e4helepanu igale detailile materjalidest valgustuseni.\r\n\r\n3. Renderdamine\r\nKasutades t\u00e4iustatud tarkvara ja tehnikaid, loome fotorealistlikke pilte v\u00f5i animatsioone, mis esitlevad teie projekti parimal v\u00f5imalikul viisil.\r\n\r\n4. Parandused ja tagasiside\r\nTeeme teiega tihedat koost\u00f6\u00f6d muudatuste tegemiseks, tagades, et l\u00f5pptulemus vastab teie ootustele.\r\n\r\n5. Kohaletoimetamine\r\nL\u00f5plikud renderdused tarnitakse k\u00f5rge eraldusv\u00f5imega ja optimeeritakse kasutamiseks k\u00f5igis meediakanalites, sealhulgas esitlustes, veebisaitidel, sotsiaalmeedias ja tr\u00fckimaterjalides.\r\n<h2>Meie teenused<\/h2>\r\nArhitektuur ja ehitus \u2013 Ehitajad, arhitektid ja arendajad toetuvad meie visualiseeringutele ideede edastamiseks, heakskiitude saamiseks ja investorite ligimeelitamiseks.\r\n\r\nSisekujundus \u2013 Disainerid kasutavad meie 3D-renderdusi klientidele kontseptsioonide esitlemiseks, paigutustega katsetamiseks ja v\u00e4rvilahenduste viimistlemiseks.\r\n\r\nToodete tootmine \u2013 Ettev\u00f5tted esitlevad uusi tooteid, demonstreerivad funktsioone ja t\u00e4iustavad turunduskampaaniaid kvaliteetsete 3D-visuaalidega.\r\n\r\nKinnisvara \u2013 agentuurid kasutavad meie renderdusi ostjaid ja \u00fc\u00fcrnikke k\u00f6itvate kuulutuste loomiseks.\r\n<h2>Miks on 3D-visualiseerimine oluline?<\/h2>\r\n3D-visualiseerimine muudab projektide esitlemise ja m\u00f5istmise viisi. See v\u00f5imaldab sidusr\u00fchmadel uurida disainilahendusi, ette n\u00e4ha v\u00e4ljakutseid ja teha teadlikke otsuseid enne f\u00fc\u00fcsilise t\u00f6\u00f6 alustamist. Realistliku valgustuse, tekstuuride ja perspektiivide abil saavad kliendid oma ideid kogeda nii, nagu need oleksid juba valmis ehitatud.\r\n\r\nT\u00e4nap\u00e4eva konkurentsitihedas turus annab professionaalsesse 3D-visualiseerimisse investeerimine olulise eelise. See parandab suhtlust, suurendab klientide rahulolu ning kiirendab l\u00f5ppkokkuv\u00f5ttes projektide heakskiitmist ja m\u00fc\u00fcki.\r\n\r\nV\u00f5tke Lightrayga \u00fchendust\r\n\r\nOlenemata sellest, kas toote turule uue toote, kujundate kodu v\u00f5i arendate \u00e4riprojekti, on Lightray teie usaldusv\u00e4\u00e4rne partner professionaalsete 3D-visualiseerimisteenuste pakkumisel. Meie ekspertide meeskond on valmis teie ideid t\u00e4pselt, loovalt ja iga detaili t\u00e4helepanuga ellu \u00e4ratama.\r\n\r\nV\u00f5tke julgelt \u00fchendust oma projektiga ja avastage, kuidas Lightray aitab teil oma visiooni vapustava 3D-detailsusega visualiseerida.\r\n\r\nKas soovite hinnapakkumist? <a href=\"https:\/\/lightray.ee\/estonian\/contact\/\">V\u00f5tke meiega \u00fchendust<\/a>\r\n\r\n","protected":false},"excerpt":{"rendered":"<p>Mida me pakume Meie 3D-arhitektuuri visualiseerimise stuudio on spetsialiseerunud fotoreaalsetele v\u00e4lis- ja siserenderdustele arhitektidele, arendajatele ja kinnisvarameeskondadele. Meie visuaalid n\u00e4itavad selgelt disaini kavatsust, materjalivalikuid ja valgustust \u2013 juba enne ehituse algust. See selgus v\u00e4hendab kulukaid hilisemaid muudatusi ning muudab esitlused ja turundusmaterjalid t\u00f5husamaks. 3D arhitektuuri visualiseerimine reaalses kontekstis Me integreerime disainilahendusi reaalsetesse objektidesse, kombineerides kvaliteetseid [&hellip;]<\/p>\n","protected":false},"author":1,"featured_media":0,"parent":0,"menu_order":0,"comment_status":"closed","ping_status":"closed","template":"page-templates\/frontpage.php","meta":{"footnotes":""},"class_list":["post-7","page","type-page","status-publish","hentry"],"yoast_head":"<!-- This site is optimized with the Yoast SEO plugin v27.4 - https:\/\/yoast.com\/product\/yoast-seo-wordpress\/ -->\n<title>3D visualiseerimine | 3D sisepildid, v\u00e4lispildid | fotorealistlik tulemus<\/title>\n<meta name=\"description\" content=\"3D visualiseerimine. Arhitektuurne visualiseerimine, 3D sisepildid, v\u00e4lspildid. Renderdamine. 3D animatsioon. Sisekujundus, 3D toote disain.\" \/>\n<meta name=\"robots\" content=\"index, follow, max-snippet:-1, max-image-preview:large, max-video-preview:-1\" \/>\n<link rel=\"canonical\" href=\"https:\/\/lightray.ee\/estonian\/\" \/>\n<meta property=\"og:locale\" content=\"en_US\" \/>\n<meta property=\"og:type\" content=\"article\" \/>\n<meta property=\"og:title\" content=\"3D visualiseerimine | 3D sisepildid, v\u00e4lispildid | fotorealistlik tulemus\" \/>\n<meta property=\"og:description\" content=\"3D visualiseerimine. Arhitektuurne visualiseerimine, 3D sisepildid, v\u00e4lspildid. Renderdamine. 3D animatsioon. Sisekujundus, 3D toote disain.\" \/>\n<meta property=\"og:url\" content=\"https:\/\/lightray.ee\/estonian\/\" \/>\n<meta property=\"og:site_name\" content=\"Lightray 3D Visualization Studio\" \/>\n<meta property=\"article:modified_time\" content=\"2025-10-01T18:41:27+00:00\" \/>\n<meta property=\"og:image\" content=\"https:\/\/lightray.ee\/wp-content\/uploads\/2025\/09\/Maja5september2025-1024x576.jpg\" \/>\n<meta name=\"twitter:card\" content=\"summary_large_image\" \/>\n<meta name=\"twitter:label1\" content=\"Est. reading time\" \/>\n\t<meta name=\"twitter:data1\" content=\"3 minutes\" \/>\n<script type=\"application\/ld+json\" class=\"yoast-schema-graph\">{\"@context\":\"https:\\\/\\\/schema.org\",\"@graph\":[{\"@type\":\"WebPage\",\"@id\":\"https:\\\/\\\/lightray.ee\\\/estonian\\\/\",\"url\":\"https:\\\/\\\/lightray.ee\\\/estonian\\\/\",\"name\":\"3D visualiseerimine | 3D sisepildid, v\u00e4lispildid | fotorealistlik tulemus\",\"isPartOf\":{\"@id\":\"https:\\\/\\\/lightray.ee\\\/estonian\\\/#website\"},\"primaryImageOfPage\":{\"@id\":\"https:\\\/\\\/lightray.ee\\\/estonian\\\/#primaryimage\"},\"image\":{\"@id\":\"https:\\\/\\\/lightray.ee\\\/estonian\\\/#primaryimage\"},\"thumbnailUrl\":\"https:\\\/\\\/lightray.ee\\\/wp-content\\\/uploads\\\/2025\\\/09\\\/Maja5september2025-1024x576.jpg\",\"datePublished\":\"2021-03-10T17:34:48+00:00\",\"dateModified\":\"2025-10-01T18:41:27+00:00\",\"description\":\"3D visualiseerimine. Arhitektuurne visualiseerimine, 3D sisepildid, v\u00e4lspildid. Renderdamine. 3D animatsioon. Sisekujundus, 3D toote disain.\",\"breadcrumb\":{\"@id\":\"https:\\\/\\\/lightray.ee\\\/estonian\\\/#breadcrumb\"},\"inLanguage\":\"en-US\",\"potentialAction\":[{\"@type\":\"ReadAction\",\"target\":[\"https:\\\/\\\/lightray.ee\\\/estonian\\\/\"]}]},{\"@type\":\"ImageObject\",\"inLanguage\":\"en-US\",\"@id\":\"https:\\\/\\\/lightray.ee\\\/estonian\\\/#primaryimage\",\"url\":\"https:\\\/\\\/lightray.ee\\\/wp-content\\\/uploads\\\/2025\\\/09\\\/Maja5september2025-1024x576.jpg\",\"contentUrl\":\"https:\\\/\\\/lightray.ee\\\/wp-content\\\/uploads\\\/2025\\\/09\\\/Maja5september2025-1024x576.jpg\"},{\"@type\":\"BreadcrumbList\",\"@id\":\"https:\\\/\\\/lightray.ee\\\/estonian\\\/#breadcrumb\",\"itemListElement\":[{\"@type\":\"ListItem\",\"position\":1,\"name\":\"Home\",\"item\":\"https:\\\/\\\/lightray.ee\\\/estonian\\\/\"},{\"@type\":\"ListItem\",\"position\":2,\"name\":\"\u00dcLDINFO\"}]},{\"@type\":\"WebSite\",\"@id\":\"https:\\\/\\\/lightray.ee\\\/estonian\\\/#website\",\"url\":\"https:\\\/\\\/lightray.ee\\\/estonian\\\/\",\"name\":\"Lightray 3D Visualization Studio\",\"description\":\"3D visualiseerimine, Arhitektuurne visualiseerimine, 3D modelleerimine, 3D sisepildid, 3D v\u00e4lispildid, 3D visuaalid, 3D animatsioon, Renderdamine, 3D sisekujundus, 3D sisedisain, 3D videod, animatsioon\",\"publisher\":{\"@id\":\"https:\\\/\\\/lightray.ee\\\/estonian\\\/#organization\"},\"potentialAction\":[{\"@type\":\"SearchAction\",\"target\":{\"@type\":\"EntryPoint\",\"urlTemplate\":\"https:\\\/\\\/lightray.ee\\\/estonian\\\/?s={search_term_string}\"},\"query-input\":{\"@type\":\"PropertyValueSpecification\",\"valueRequired\":true,\"valueName\":\"search_term_string\"}}],\"inLanguage\":\"en-US\"},{\"@type\":\"Organization\",\"@id\":\"https:\\\/\\\/lightray.ee\\\/estonian\\\/#organization\",\"name\":\"Lightray 3D Visualization Studio\",\"url\":\"https:\\\/\\\/lightray.ee\\\/estonian\\\/\",\"logo\":{\"@type\":\"ImageObject\",\"inLanguage\":\"en-US\",\"@id\":\"https:\\\/\\\/lightray.ee\\\/estonian\\\/#\\\/schema\\\/logo\\\/image\\\/\",\"url\":\"https:\\\/\\\/lightray.ee\\\/estonian\\\/wp-content\\\/uploads\\\/2021\\\/06\\\/13.jpg\",\"contentUrl\":\"https:\\\/\\\/lightray.ee\\\/estonian\\\/wp-content\\\/uploads\\\/2021\\\/06\\\/13.jpg\",\"width\":1920,\"height\":1080,\"caption\":\"Lightray 3D Visualization Studio\"},\"image\":{\"@id\":\"https:\\\/\\\/lightray.ee\\\/estonian\\\/#\\\/schema\\\/logo\\\/image\\\/\"},\"sameAs\":[\"https:\\\/\\\/www.instagram.com\\\/lightray_3d_studio_viz\\\/\",\"https:\\\/\\\/www.linkedin.com\\\/company\\\/lightray-3d-studio-visualization\"]}]}<\/script>\n<!-- \/ Yoast SEO plugin. -->","yoast_head_json":{"title":"3D visualiseerimine | 3D sisepildid, v\u00e4lispildid | fotorealistlik tulemus","description":"3D visualiseerimine. Arhitektuurne visualiseerimine, 3D sisepildid, v\u00e4lspildid. Renderdamine. 3D animatsioon. Sisekujundus, 3D toote disain.","robots":{"index":"index","follow":"follow","max-snippet":"max-snippet:-1","max-image-preview":"max-image-preview:large","max-video-preview":"max-video-preview:-1"},"canonical":"https:\/\/lightray.ee\/estonian\/","og_locale":"en_US","og_type":"article","og_title":"3D visualiseerimine | 3D sisepildid, v\u00e4lispildid | fotorealistlik tulemus","og_description":"3D visualiseerimine. Arhitektuurne visualiseerimine, 3D sisepildid, v\u00e4lspildid. Renderdamine. 3D animatsioon. Sisekujundus, 3D toote disain.","og_url":"https:\/\/lightray.ee\/estonian\/","og_site_name":"Lightray 3D Visualization Studio","article_modified_time":"2025-10-01T18:41:27+00:00","og_image":[{"url":"https:\/\/lightray.ee\/wp-content\/uploads\/2025\/09\/Maja5september2025-1024x576.jpg","type":"","width":"","height":""}],"twitter_card":"summary_large_image","twitter_misc":{"Est. reading time":"3 minutes"},"schema":{"@context":"https:\/\/schema.org","@graph":[{"@type":"WebPage","@id":"https:\/\/lightray.ee\/estonian\/","url":"https:\/\/lightray.ee\/estonian\/","name":"3D visualiseerimine | 3D sisepildid, v\u00e4lispildid | fotorealistlik tulemus","isPartOf":{"@id":"https:\/\/lightray.ee\/estonian\/#website"},"primaryImageOfPage":{"@id":"https:\/\/lightray.ee\/estonian\/#primaryimage"},"image":{"@id":"https:\/\/lightray.ee\/estonian\/#primaryimage"},"thumbnailUrl":"https:\/\/lightray.ee\/wp-content\/uploads\/2025\/09\/Maja5september2025-1024x576.jpg","datePublished":"2021-03-10T17:34:48+00:00","dateModified":"2025-10-01T18:41:27+00:00","description":"3D visualiseerimine. Arhitektuurne visualiseerimine, 3D sisepildid, v\u00e4lspildid. Renderdamine. 3D animatsioon. Sisekujundus, 3D toote disain.","breadcrumb":{"@id":"https:\/\/lightray.ee\/estonian\/#breadcrumb"},"inLanguage":"en-US","potentialAction":[{"@type":"ReadAction","target":["https:\/\/lightray.ee\/estonian\/"]}]},{"@type":"ImageObject","inLanguage":"en-US","@id":"https:\/\/lightray.ee\/estonian\/#primaryimage","url":"https:\/\/lightray.ee\/wp-content\/uploads\/2025\/09\/Maja5september2025-1024x576.jpg","contentUrl":"https:\/\/lightray.ee\/wp-content\/uploads\/2025\/09\/Maja5september2025-1024x576.jpg"},{"@type":"BreadcrumbList","@id":"https:\/\/lightray.ee\/estonian\/#breadcrumb","itemListElement":[{"@type":"ListItem","position":1,"name":"Home","item":"https:\/\/lightray.ee\/estonian\/"},{"@type":"ListItem","position":2,"name":"\u00dcLDINFO"}]},{"@type":"WebSite","@id":"https:\/\/lightray.ee\/estonian\/#website","url":"https:\/\/lightray.ee\/estonian\/","name":"Lightray 3D Visualization Studio","description":"3D visualiseerimine, Arhitektuurne visualiseerimine, 3D modelleerimine, 3D sisepildid, 3D v\u00e4lispildid, 3D visuaalid, 3D animatsioon, Renderdamine, 3D sisekujundus, 3D sisedisain, 3D videod, animatsioon","publisher":{"@id":"https:\/\/lightray.ee\/estonian\/#organization"},"potentialAction":[{"@type":"SearchAction","target":{"@type":"EntryPoint","urlTemplate":"https:\/\/lightray.ee\/estonian\/?s={search_term_string}"},"query-input":{"@type":"PropertyValueSpecification","valueRequired":true,"valueName":"search_term_string"}}],"inLanguage":"en-US"},{"@type":"Organization","@id":"https:\/\/lightray.ee\/estonian\/#organization","name":"Lightray 3D Visualization Studio","url":"https:\/\/lightray.ee\/estonian\/","logo":{"@type":"ImageObject","inLanguage":"en-US","@id":"https:\/\/lightray.ee\/estonian\/#\/schema\/logo\/image\/","url":"https:\/\/lightray.ee\/estonian\/wp-content\/uploads\/2021\/06\/13.jpg","contentUrl":"https:\/\/lightray.ee\/estonian\/wp-content\/uploads\/2021\/06\/13.jpg","width":1920,"height":1080,"caption":"Lightray 3D Visualization Studio"},"image":{"@id":"https:\/\/lightray.ee\/estonian\/#\/schema\/logo\/image\/"},"sameAs":["https:\/\/www.instagram.com\/lightray_3d_studio_viz\/","https:\/\/www.linkedin.com\/company\/lightray-3d-studio-visualization"]}]}},"_links":{"self":[{"href":"https:\/\/lightray.ee\/estonian\/wp-json\/wp\/v2\/pages\/7","targetHints":{"allow":["GET"]}}],"collection":[{"href":"https:\/\/lightray.ee\/estonian\/wp-json\/wp\/v2\/pages"}],"about":[{"href":"https:\/\/lightray.ee\/estonian\/wp-json\/wp\/v2\/types\/page"}],"author":[{"embeddable":true,"href":"https:\/\/lightray.ee\/estonian\/wp-json\/wp\/v2\/users\/1"}],"replies":[{"embeddable":true,"href":"https:\/\/lightray.ee\/estonian\/wp-json\/wp\/v2\/comments?post=7"}],"version-history":[{"count":9,"href":"https:\/\/lightray.ee\/estonian\/wp-json\/wp\/v2\/pages\/7\/revisions"}],"predecessor-version":[{"id":1192,"href":"https:\/\/lightray.ee\/estonian\/wp-json\/wp\/v2\/pages\/7\/revisions\/1192"}],"wp:attachment":[{"href":"https:\/\/lightray.ee\/estonian\/wp-json\/wp\/v2\/media?parent=7"}],"curies":[{"name":"wp","href":"https:\/\/api.w.org\/{rel}","templated":true}]}}